{"id":7,"date":"2025-11-06T23:20:08","date_gmt":"2025-11-06T23:20:08","guid":{"rendered":"https:\/\/horustvpro.com\/?page_id=7"},"modified":"2025-11-25T02:49:41","modified_gmt":"2025-11-25T02:49:41","slug":"inicio","status":"publish","type":"page","link":"https:\/\/horustvpro.com\/","title":{"rendered":"ES"},"content":{"rendered":"<p>[et_pb_section fb_built=\u00bb1&#8243; admin_label=\u00bbFeature\u00bb _builder_version=\u00bb4.21.0&#8243; _module_preset=\u00bbdefault\u00bb overflow-x=\u00bbhidden\u00bb overflow-y=\u00bbhidden\u00bb collapsed=\u00bbon\u00bb global_colors_info=\u00bb{}\u00bb][et_pb_row column_structure=\u00bb1_2,1_2&#8243; _builder_version=\u00bb4.20.0&#8243; _module_preset=\u00bbdefault\u00bb global_colors_info=\u00bb{}\u00bb][et_pb_column type=\u00bb1_2&#8243; _builder_version=\u00bb4.20.0&#8243; _module_preset=\u00bbdefault\u00bb global_colors_info=\u00bb{}\u00bb][et_pb_image src=\u00bbhttps:\/\/horustvpro.com\/wp-content\/uploads\/2025\/11\/tv2.jpg\u00bb title_text=\u00bbtv2&#8243; _builder_version=\u00bb4.27.4&#8243; _module_preset=\u00bbdefault\u00bb global_colors_info=\u00bb{}\u00bb][\/et_pb_image][et_pb_text _builder_version=\u00bb4.27.4&#8243; _module_preset=\u00bb054958d7-36bc-472a-aadc-ae1fa7eb66d1&#8243; header_2_font_size=\u00bb50px\u00bb global_colors_info=\u00bb{}\u00bb]<\/p>\n<h2>El mejor Reproductor Multimedia.<\/h2>\n<p>[\/et_pb_text][et_pb_text _builder_version=\u00bb4.27.4&#8243; _module_preset=\u00bb5da248f8-1e68-4b15-bf14-16f3cd781b1f\u00bb global_colors_info=\u00bb{}\u00bb]<\/p>\n<p>Estamos trabajando en nuestra aplicaci\u00f3n para ofrecer continuamente una mejor funcionalidad.<\/p>\n<p>[\/et_pb_text][\/et_pb_column][et_pb_column type=\u00bb1_2&#8243; _builder_version=\u00bb4.20.0&#8243; _module_preset=\u00bbdefault\u00bb global_colors_info=\u00bb{}\u00bb][et_pb_image src=\u00bbhttps:\/\/horustvpro.com\/wp-content\/uploads\/2025\/11\/TV3.png\u00bb title_text=\u00bbTV3&#8243; _builder_version=\u00bb4.27.4&#8243; _module_preset=\u00bbdefault\u00bb custom_margin=\u00bb|-30vw|||false|false\u00bb custom_margin_tablet=\u00bb|0vw|||false|false\u00bb custom_margin_phone=\u00bb|0vw|||false|false\u00bb custom_margin_last_edited=\u00bbon|tablet\u00bb scroll_horizontal_motion_enable=\u00bbon\u00bb scroll_horizontal_motion=\u00bb0|50|50|100|0.5|0|-0.5&#8243; locked=\u00bboff\u00bb global_colors_info=\u00bb{}\u00bb][\/et_pb_image][\/et_pb_column][\/et_pb_row][et_pb_row _builder_version=\u00bb4.27.4&#8243; _module_preset=\u00bbdefault\u00bb global_colors_info=\u00bb{}\u00bb][et_pb_column type=\u00bb4_4&#8243; _builder_version=\u00bb4.27.4&#8243; _module_preset=\u00bbdefault\u00bb global_colors_info=\u00bb{}\u00bb][et_pb_text _builder_version=\u00bb4.27.4&#8243; _module_preset=\u00bb6ca0d012-2648-4038-8988-fe43693e160f\u00bb text_orientation=\u00bbcenter\u00bb global_colors_info=\u00bb{}\u00bb]<\/p>\n<h5>No vendemos ni ofrecemos ning\u00fan tipo de contenido, transmisi\u00f3n, canales legales o ilegales, pel\u00edculas o series. Recomendamos usar tus propias listas legales o crear tus propias listas. \u00a1No utilices contenido ilegal!<\/h5>\n<p>[\/et_pb_text][\/et_pb_column][\/et_pb_row][\/et_pb_section][et_pb_section fb_built=\u00bb1&#8243; admin_label=\u00bbHeader\u00bb _builder_version=\u00bb4.27.4&#8243; _module_preset=\u00bbdefault\u00bb background_color=\u00bb#FFFFFF\u00bb background_image=\u00bbhttps:\/\/horustvpro.com\/wp-content\/uploads\/2025\/11\/online-banking-1c.png\u00bb overflow-x=\u00bbhidden\u00bb overflow-y=\u00bbhidden\u00bb custom_padding=\u00bb||||false|false\u00bb collapsed=\u00bbon\u00bb global_colors_info=\u00bb{}\u00bb][et_pb_row column_structure=\u00bb1_2,1_2&#8243; _builder_version=\u00bb4.27.4&#8243; _module_preset=\u00bbdefault\u00bb global_colors_info=\u00bb{}\u00bb][et_pb_column type=\u00bb1_2&#8243; _builder_version=\u00bb4.27.4&#8243; _module_preset=\u00bbdefault\u00bb global_colors_info=\u00bb{}\u00bb][et_pb_text _builder_version=\u00bb4.27.4&#8243; _module_preset=\u00bbec85f230-9a9b-4c2a-b67c-fa9458b51ccd\u00bb header_text_color=\u00bb#FFFFFF\u00bb custom_margin=\u00bb||10px||false|false\u00bb global_colors_info=\u00bb{}\u00bb]<\/p>\n<h1 style=\"text-align: right;\"><span style=\"color: #ffcc00;\">Descarga<\/span><\/h1>\n<p>[\/et_pb_text][\/et_pb_column][et_pb_column type=\u00bb1_2&#8243; _builder_version=\u00bb4.27.4&#8243; _module_preset=\u00bbdefault\u00bb global_colors_info=\u00bb{}\u00bb][et_pb_image src=\u00bbhttps:\/\/horustvpro.com\/wp-content\/uploads\/2025\/11\/Horus4.png\u00bb title_text=\u00bbHorus4&#8243; _builder_version=\u00bb4.27.4&#8243; _module_preset=\u00bbdefault\u00bb global_colors_info=\u00bb{}\u00bb][\/et_pb_image][\/et_pb_column][\/et_pb_row][et_pb_row column_structure=\u00bb1_5,1_5,1_5,1_5,1_5&#8243; _builder_version=\u00bb4.27.4&#8243; _module_preset=\u00bbdefault\u00bb global_colors_info=\u00bb{}\u00bb][et_pb_column type=\u00bb1_5&#8243; _builder_version=\u00bb4.27.4&#8243; _module_preset=\u00bbdefault\u00bb global_colors_info=\u00bb{}\u00bb][et_pb_image src=\u00bbhttps:\/\/horustvpro.com\/wp-content\/uploads\/2025\/11\/GetOnGoogleStore.png\u00bb title_text=\u00bbGetOnGoogleStore\u00bb url=\u00bbhttp:\/\/horustvpro.com\/ftp-htp\/HorusTvV1_0_5_220925.apk\u00bb url_new_window=\u00bbon\u00bb _builder_version=\u00bb4.27.4&#8243; _module_preset=\u00bbdefault\u00bb hover_enabled=\u00bb0&#8243; global_colors_info=\u00bb{}\u00bb sticky_enabled=\u00bb0&#8243;][\/et_pb_image][\/et_pb_column][et_pb_column type=\u00bb1_5&#8243; _builder_version=\u00bb4.27.4&#8243; _module_preset=\u00bbdefault\u00bb global_colors_info=\u00bb{}\u00bb][et_pb_image src=\u00bbhttps:\/\/horustvpro.com\/wp-content\/uploads\/2025\/11\/Samsung_logo_wordmark.svg_.png\u00bb title_text=\u00bbSamsung_logo_wordmark.svg\u00bb _builder_version=\u00bb4.27.4&#8243; _module_preset=\u00bbdefault\u00bb hover_enabled=\u00bb0&#8243; global_colors_info=\u00bb{}\u00bb sticky_enabled=\u00bb0&#8243; url=\u00bbhttp:\/\/horustvpro.com\/ftp-htp\/HorusTvV1_0_5_220925.apk\u00bb url_new_window=\u00bbon\u00bb][\/et_pb_image][\/et_pb_column][et_pb_column type=\u00bb1_5&#8243; _builder_version=\u00bb4.27.4&#8243; _module_preset=\u00bbdefault\u00bb global_colors_info=\u00bb{}\u00bb][et_pb_image src=\u00bbhttps:\/\/horustvpro.com\/wp-content\/uploads\/2025\/11\/GetOnLGStore-1.png\u00bb title_text=\u00bbGetOnLGStore\u00bb _builder_version=\u00bb4.27.4&#8243; _module_preset=\u00bbdefault\u00bb hover_enabled=\u00bb0&#8243; global_colors_info=\u00bb{}\u00bb url=\u00bbhttp:\/\/horustvpro.com\/ftp-htp\/HorusTvV1_0_5_220925.apk\u00bb url_new_window=\u00bbon\u00bb sticky_enabled=\u00bb0&#8243;][\/et_pb_image][\/et_pb_column][et_pb_column type=\u00bb1_5&#8243; _builder_version=\u00bb4.27.4&#8243; _module_preset=\u00bbdefault\u00bb global_colors_info=\u00bb{}\u00bb][et_pb_image src=\u00bbhttps:\/\/horustvpro.com\/wp-content\/uploads\/2025\/11\/GetOnRokuStore.png\u00bb title_text=\u00bbGetOnRokuStore\u00bb _builder_version=\u00bb4.27.4&#8243; _module_preset=\u00bbdefault\u00bb hover_enabled=\u00bb0&#8243; global_colors_info=\u00bb{}\u00bb url=\u00bbhttp:\/\/horustvpro.com\/ftp-htp\/HorusTvV1_0_5_220925.apk\u00bb url_new_window=\u00bbon\u00bb sticky_enabled=\u00bb0&#8243;][\/et_pb_image][\/et_pb_column][et_pb_column type=\u00bb1_5&#8243; _builder_version=\u00bb4.27.4&#8243; _module_preset=\u00bbdefault\u00bb global_colors_info=\u00bb{}\u00bb][et_pb_image src=\u00bbhttps:\/\/horustvpro.com\/wp-content\/uploads\/2025\/11\/GetOnWindowsStore.png\u00bb title_text=\u00bbGetOnWindowsStore\u00bb _builder_version=\u00bb4.27.4&#8243; _module_preset=\u00bbdefault\u00bb hover_enabled=\u00bb0&#8243; global_colors_info=\u00bb{}\u00bb url=\u00bbhttp:\/\/horustvpro.com\/ftp-htp\/HorusTvV1_0_5_220925.apk\u00bb url_new_window=\u00bbon\u00bb sticky_enabled=\u00bb0&#8243;][\/et_pb_image][\/et_pb_column][\/et_pb_row][\/et_pb_section][et_pb_section fb_built=\u00bb1&#8243; admin_label=\u00bbServices\u00bb _builder_version=\u00bb4.20.0&#8243; _module_preset=\u00bbdefault\u00bb collapsed=\u00bbon\u00bb global_colors_info=\u00bb{}\u00bb][et_pb_row _builder_version=\u00bb4.20.0&#8243; _module_preset=\u00bbdefault\u00bb global_colors_info=\u00bb{}\u00bb][et_pb_column type=\u00bb4_4&#8243; _builder_version=\u00bb4.20.0&#8243; _module_preset=\u00bbdefault\u00bb global_colors_info=\u00bb{}\u00bb][et_pb_text _builder_version=\u00bb4.20.0&#8243; _module_preset=\u00bb054958d7-36bc-472a-aadc-ae1fa7eb66d1&#8243; text_orientation=\u00bbcenter\u00bb global_colors_info=\u00bb{}\u00bb]<\/p>\n<h2>\u00bfQu\u00e9 es Horus TV Pro?<\/h2>\n<p>[\/et_pb_text][et_pb_text _builder_version=\u00bb4.27.4&#8243; _module_preset=\u00bb5da248f8-1e68-4b15-bf14-16f3cd781b1f\u00bb custom_margin=\u00bb||50px|||\u00bb global_colors_info=\u00bb{}\u00bb]<\/p>\n<p data-start=\"0\" data-end=\"158\">\u00bfEst\u00e1s buscando un reproductor multimedia profesional que cargue r\u00e1pidamente tu lista de reproducci\u00f3n y reproduzca tus canales favoritos sin interrupciones?<\/p>\n<p data-start=\"160\" data-end=\"633\">Conoce <strong data-start=\"167\" data-end=\"185\">Horus TV<\/strong>, un reproductor multimedia que funciona en televisores inteligentes Android, dispositivos Android TV Stick, tel\u00e9fonos inteligentes y tabletas. Con un reproductor avanzado, una interfaz simple y controles M3U avanzados, es la forma m\u00e1s inteligente y sencilla de disfrutar tus programas de TV, pel\u00edculas, deportes o cualquier contenido que te guste.<\/p>\n<p data-start=\"160\" data-end=\"633\"><strong data-start=\"555\" data-end=\"573\">Horus TV<\/strong>\u00a0admite todas las resoluciones de pantalla, incluyendo 4K.<\/p>\n<p data-start=\"635\" data-end=\"1305\" data-is-last-node=\"\" data-is-only-node=\"\"><strong data-start=\"635\" data-end=\"653\">Horus TV<\/strong> es un reproductor multimedia profesional optimizado para ofrecer transmisi\u00f3n r\u00e1pida y f\u00e1cil de usar. Admite todas las resoluciones de pantalla y cuenta con controles avanzados de listas M3U, lo que lo convierte en una excelente opci\u00f3n para quienes buscan una experiencia de streaming confiable y eficiente. Tiene una interfaz simple\u00a0y transmisi\u00f3n r\u00e1pida (<em data-start=\"1058\" data-end=\"1074\">Fast Streaming<\/em>). Tambi\u00e9n permite agregar canales, pel\u00edculas o series a tu lista de favoritos. Adem\u00e1s, su funci\u00f3n de <strong data-start=\"1176\" data-end=\"1196\">control parental<\/strong> permite restringir el acceso a ciertos contenidos, convirti\u00e9ndolo en una opci\u00f3n segura para toda la familia.<\/p>\n<p>[\/et_pb_text][et_pb_text _builder_version=\u00bb4.20.0&#8243; _module_preset=\u00bb054958d7-36bc-472a-aadc-ae1fa7eb66d1&#8243; text_orientation=\u00bbcenter\u00bb global_colors_info=\u00bb{}\u00bb]<\/p>\n<h2>Funciones de Horus TV Pro<\/h2>\n<p>[\/et_pb_text][\/et_pb_column][\/et_pb_row][et_pb_row column_structure=\u00bb1_2,1_2&#8243; _builder_version=\u00bb4.27.4&#8243; _module_preset=\u00bbdefault\u00bb background_color=\u00bb#000000&#8243; width=\u00bb82.5%\u00bb custom_padding=\u00bb|35px||35px|false|false\u00bb border_radii=\u00bbon|6px|6px|6px|6px\u00bb global_colors_info=\u00bb{}\u00bb][et_pb_column type=\u00bb1_2&#8243; _builder_version=\u00bb4.20.0&#8243; _module_preset=\u00bbdefault\u00bb global_colors_info=\u00bb{}\u00bb][et_pb_blurb title=\u00bbDeportes\u00bb image=\u00bbhttps:\/\/horustvpro.com\/wp-content\/uploads\/2025\/11\/1.jpg\u00bb _builder_version=\u00bb4.27.4&#8243; _module_preset=\u00bb553a0e87-7b7a-4927-b1aa-3fc65e1135e3&#8243; header_text_color=\u00bb#FFFFFF\u00bb locked=\u00bboff\u00bb global_colors_info=\u00bb{}\u00bb][\/et_pb_blurb][et_pb_blurb title=\u00bbPeliculas\u00bb image=\u00bbhttps:\/\/horustvpro.com\/wp-content\/uploads\/2025\/11\/4.jpg\u00bb _builder_version=\u00bb4.27.4&#8243; _module_preset=\u00bb553a0e87-7b7a-4927-b1aa-3fc65e1135e3&#8243; header_text_color=\u00bb#FFFFFF\u00bb locked=\u00bboff\u00bb global_colors_info=\u00bb{}\u00bb][\/et_pb_blurb][et_pb_blurb title=\u00bbAdultos\u00bb image=\u00bbhttps:\/\/horustvpro.com\/wp-content\/uploads\/2025\/11\/5.jpg\u00bb _builder_version=\u00bb4.27.4&#8243; _module_preset=\u00bb553a0e87-7b7a-4927-b1aa-3fc65e1135e3&#8243; header_text_color=\u00bb#FFFFFF\u00bb locked=\u00bboff\u00bb global_colors_info=\u00bb{}\u00bb][\/et_pb_blurb][\/et_pb_column][et_pb_column type=\u00bb1_2&#8243; _builder_version=\u00bb4.20.0&#8243; _module_preset=\u00bbdefault\u00bb global_colors_info=\u00bb{}\u00bb][et_pb_blurb title=\u00bbSeries\u00bb image=\u00bbhttps:\/\/horustvpro.com\/wp-content\/uploads\/2025\/11\/3.jpg\u00bb _builder_version=\u00bb4.27.4&#8243; _module_preset=\u00bb553a0e87-7b7a-4927-b1aa-3fc65e1135e3&#8243; header_text_color=\u00bb#FFFFFF\u00bb locked=\u00bboff\u00bb global_colors_info=\u00bb{}\u00bb][\/et_pb_blurb][et_pb_blurb title=\u00bbTV en Vivo\u00bb image=\u00bbhttps:\/\/horustvpro.com\/wp-content\/uploads\/2025\/11\/2.jpg\u00bb _builder_version=\u00bb4.27.4&#8243; _module_preset=\u00bb553a0e87-7b7a-4927-b1aa-3fc65e1135e3&#8243; header_text_color=\u00bb#FFFFFF\u00bb locked=\u00bboff\u00bb global_colors_info=\u00bb{}\u00bb][\/et_pb_blurb][et_pb_blurb title=\u00bbMen\u00fa\u00bb image=\u00bbhttps:\/\/horustvpro.com\/wp-content\/uploads\/2025\/11\/6.jpg\u00bb _builder_version=\u00bb4.27.4&#8243; _module_preset=\u00bb553a0e87-7b7a-4927-b1aa-3fc65e1135e3&#8243; header_text_color=\u00bb#FFFFFF\u00bb locked=\u00bboff\u00bb global_colors_info=\u00bb{}\u00bb][\/et_pb_blurb][\/et_pb_column][\/et_pb_row][\/et_pb_section]<\/p>\n","protected":false},"excerpt":{"rendered":"<p>El mejor Reproductor Multimedia.Estamos trabajando en nuestra aplicaci\u00f3n para ofrecer continuamente una mejor funcionalidad.No vendemos ni ofrecemos ning\u00fan tipo de contenido, transmisi\u00f3n, canales legales o ilegales, pel\u00edculas o series. Recomendamos usar tus propias listas legales o crear tus propias listas. \u00a1No utilices contenido ilegal!Descarga\u00bfQu\u00e9 es Horus TV Pro?\u00bfEst\u00e1s buscando un reproductor multimedia profesional que cargue [&hellip;]<\/p>\n","protected":false},"author":1,"featured_media":0,"parent":0,"menu_order":0,"comment_status":"closed","ping_status":"closed","template":"","meta":{"_et_pb_use_builder":"on","_et_pb_old_content":"","_et_gb_content_width":"","footnotes":""},"class_list":["post-7","page","type-page","status-publish","hentry"],"_links":{"self":[{"href":"https:\/\/horustvpro.com\/index.php\/wp-json\/wp\/v2\/pages\/7","targetHints":{"allow":["GET"]}}],"collection":[{"href":"https:\/\/horustvpro.com\/index.php\/wp-json\/wp\/v2\/pages"}],"about":[{"href":"https:\/\/horustvpro.com\/index.php\/wp-json\/wp\/v2\/types\/page"}],"author":[{"embeddable":true,"href":"https:\/\/horustvpro.com\/index.php\/wp-json\/wp\/v2\/users\/1"}],"replies":[{"embeddable":true,"href":"https:\/\/horustvpro.com\/index.php\/wp-json\/wp\/v2\/comments?post=7"}],"version-history":[{"count":11,"href":"https:\/\/horustvpro.com\/index.php\/wp-json\/wp\/v2\/pages\/7\/revisions"}],"predecessor-version":[{"id":76,"href":"https:\/\/horustvpro.com\/index.php\/wp-json\/wp\/v2\/pages\/7\/revisions\/76"}],"wp:attachment":[{"href":"https:\/\/horustvpro.com\/index.php\/wp-json\/wp\/v2\/media?parent=7"}],"curies":[{"name":"wp","href":"https:\/\/api.w.org\/{rel}","templated":true}]}}