{"id":63,"date":"2025-11-14T00:50:33","date_gmt":"2025-11-14T00:50:33","guid":{"rendered":"https:\/\/horustvpro.com\/?page_id=63"},"modified":"2025-11-14T01:06:43","modified_gmt":"2025-11-14T01:06:43","slug":"politica-de-uso-de-aplicacion","status":"publish","type":"page","link":"https:\/\/horustvpro.com\/index.php\/politica-de-uso-de-aplicacion\/","title":{"rendered":"Pol\u00edtica de uso de aplicaci\u00f3n"},"content":{"rendered":"\n<ol class=\"wp-block-list\">\n<li>Descargo de Responsabilidad sobre el Contenido: \u00abLa aplicaci\u00f3n es un reproductor multimedia y no proporciona ni aloja ning\u00fan contenido multimedia ni listas de canales. El usuario es el \u00fanico responsable del contenido que carga y utiliza\u00bb.<\/li>\n\n\n\n<li>Responsabilidad del Usuario: \u00abEl usuario se compromete a utilizar la aplicaci\u00f3n solo para acceder a contenido legal, autorizado y con licencia. Queda estrictamente prohibido el acceso o la distribuci\u00f3n de material protegido por derechos de autor sin el permiso expl\u00edcito del propietario\u00bb.<\/li>\n\n\n\n<li>Suspensi\u00f3n del Servicio: \u00abNos reservamos el derecho de suspender o dar de baja inmediatamente la cuenta de cualquier usuario que infrinja esta pol\u00edtica, especialmente si se detecta un uso relacionado con pirater\u00eda o contenido no autorizado\u00bb.<\/li>\n\n\n\n<li>No Afiliaci\u00f3n: \u00abLa aplicaci\u00f3n no est\u00e1 afiliada ni respaldada por ning\u00fan proveedor de contenido o servicio de IPTV, a menos que se indique lo contrario de forma expresa\u00bb.<\/li>\n\n\n\n<li>La aplicaci\u00f3n no se responsabiliza por el contenido que el usuario introduce, transfiriendo toda la carga legal al usuario final.<\/li>\n<\/ol>\n","protected":false},"excerpt":{"rendered":"","protected":false},"author":1,"featured_media":0,"parent":0,"menu_order":0,"comment_status":"closed","ping_status":"closed","template":"","meta":{"_et_pb_use_builder":"off","_et_pb_old_content":"","_et_gb_content_width":"1080","footnotes":""},"class_list":["post-63","page","type-page","status-publish","hentry"],"_links":{"self":[{"href":"https:\/\/horustvpro.com\/index.php\/wp-json\/wp\/v2\/pages\/63","targetHints":{"allow":["GET"]}}],"collection":[{"href":"https:\/\/horustvpro.com\/index.php\/wp-json\/wp\/v2\/pages"}],"about":[{"href":"https:\/\/horustvpro.com\/index.php\/wp-json\/wp\/v2\/types\/page"}],"author":[{"embeddable":true,"href":"https:\/\/horustvpro.com\/index.php\/wp-json\/wp\/v2\/users\/1"}],"replies":[{"embeddable":true,"href":"https:\/\/horustvpro.com\/index.php\/wp-json\/wp\/v2\/comments?post=63"}],"version-history":[{"count":1,"href":"https:\/\/horustvpro.com\/index.php\/wp-json\/wp\/v2\/pages\/63\/revisions"}],"predecessor-version":[{"id":64,"href":"https:\/\/horustvpro.com\/index.php\/wp-json\/wp\/v2\/pages\/63\/revisions\/64"}],"wp:attachment":[{"href":"https:\/\/horustvpro.com\/index.php\/wp-json\/wp\/v2\/media?parent=63"}],"curies":[{"name":"wp","href":"https:\/\/api.w.org\/{rel}","templated":true}]}}